
{"id":9565,"date":"2021-02-19T18:15:51","date_gmt":"2021-02-19T17:15:51","guid":{"rendered":"https:\/\/chaire-bea.ix-dev.eu\/missions\/"},"modified":"2023-07-04T14:25:58","modified_gmt":"2023-07-04T12:25:58","slug":"missions","status":"publish","type":"page","link":"https:\/\/chaire-bea.vetagro-sup.fr\/en\/missions\/","title":{"rendered":"Missions"},"content":{"rendered":"\t\t<div data-elementor-type=\"wp-page\" data-elementor-id=\"9565\" class=\"elementor elementor-9565 elementor-5712\" data-elementor-post-type=\"page\">\n\t\t\t\t<div class=\"elementor-element elementor-element-a59d79a e-flex e-con-boxed e-con e-parent\" data-id=\"a59d79a\" data-element_type=\"container\" data-e-type=\"container\" data-settings=\"{&quot;ekit_has_onepagescroll_dot&quot;:&quot;yes&quot;}\">\n\t\t\t\t\t<div class=\"e-con-inner\">\n\t\t\t\t<div class=\"elementor-element elementor-element-7a44213 elementor-widget elementor-widget-heading\" data-id=\"7a44213\" data-element_type=\"widget\" data-e-type=\"widget\" data-widget_type=\"heading.default\">\n\t\t\t\t<div class=\"elementor-widget-container\">\n\t\t\t\t\t<h2 class=\"elementor-heading-title elementor-size-default\">General presentation <\/h2>\t\t\t\t<\/div>\n\t\t\t\t<\/div>\n\t\t\t\t<div class=\"elementor-element elementor-element-9a66870 elementor-widget elementor-widget-text-editor\" data-id=\"9a66870\" data-element_type=\"widget\" data-e-type=\"widget\" data-widget_type=\"text-editor.default\">\n\t\t\t\t<div class=\"elementor-widget-container\">\n\t\t\t\t\t\t\t\t\t<div><span lang=\"EN-US\">Faced with growing societal expectations in terms of animal welfare, it seems necessary to improve the living and slaughter conditions of farm animals. This improvement calls for an increased involvement and mobilization of all actors, farmers and professionals in daily contact with animals, veterinarians, veterinary public health inspection services, the food industry, scientists and animal protection associations. It requires the production of increasingly precise scientific knowledge and the transfer of this knowledge, the improvement of the dialogue between these actors as well as a better training of professionals and better information of civil society.<\/span><\/div><p>With this in mind and in accordance with <a href=\"https:\/\/agriculture.gouv.fr\/2016-2020-une-strategie-globale-pour-le-bien-etre-des-animaux-en-france\" target=\"_blank\" rel=\"noopener noreferrer nofollow\">France\u2019s Strategy for Animal Welfare (2016-2020)<\/a>, VetAgro Sup\u2019s Chaire bien-\u00eatre animal was created in 2018. It works in close collaboration with the Centre National de R\u00e9f\u00e9rence (CNR) for animal welfare, whose missions are focused on scientific expertise and research coordination.<\/p>\t\t\t\t\t\t\t\t<\/div>\n\t\t\t\t<\/div>\n\t\t\t\t<div class=\"elementor-element elementor-element-7b98cd1 elementor-widget elementor-widget-heading\" data-id=\"7b98cd1\" data-element_type=\"widget\" data-e-type=\"widget\" data-widget_type=\"heading.default\">\n\t\t\t\t<div class=\"elementor-widget-container\">\n\t\t\t\t\t<h2 class=\"elementor-heading-title elementor-size-default\">Missions and actions<\/h2>\t\t\t\t<\/div>\n\t\t\t\t<\/div>\n\t\t\t\t<div class=\"elementor-element elementor-element-1256ccf elementor-widget elementor-widget-text-editor\" data-id=\"1256ccf\" data-element_type=\"widget\" data-e-type=\"widget\" data-widget_type=\"text-editor.default\">\n\t\t\t\t<div class=\"elementor-widget-container\">\n\t\t\t\t\t\t\t\t\t<p>The missions of the Chaire bien-\u00eatre animal are to contribute to:<\/p><ul><li><strong>The production and transfer of scientific knowledge<\/strong>: thanks to its team of teacher-researchers and young scientists, the Chaire bien-\u00eatre animal conducts research projects (on the welfare of dairy cows on pasture, on the impact of reproductive biotechnologies on cattle welfare, etc.), publishes scientific articles and conducts expert assessments (evaluation and monitoring of pilot farms, livestock pain assessment, evaluation of animal welfare during animal contests, etc.).<\/li><\/ul><ul><li><b><span lang=\"EN-US\">Training and creation of training tools<\/span><\/b>: <span lang=\"EN-US\">the Chaire bien-\u00eatre animal develops and offers face-to-face and distance learning courses for professionals in the field of animal welfare (\u00ab\u00a0Animal welfare: understanding, evaluating, improving, dialoguing\u00a0\u00bb, \u00ab\u00a0Dehorning efficiently, easily and painlessly\u00a0\u00bb, \u00ab\u00a0Medical training for equines\u00a0\u00bb\u2026). The Chaire bien-\u00eatre animal also trains and informs the general public about animal welfare issues through its MOOCs, its periodic #RendezvousBEA on social networks and its press reviews on societal issues.<\/span><\/li><\/ul><ul><li><strong>To promote exchanges in order to raise awareness among animal welfare stakeholders<\/strong>: the Chaire bien-\u00eatre animal holds conferences and participates in meetings involving various animal welfare stakeholders in order to promote dialogue and exchanges among them and improve breeding practices.<\/li><\/ul>\t\t\t\t\t\t\t\t<\/div>\n\t\t\t\t<\/div>\n\t\t\t\t<div class=\"elementor-element elementor-element-4a06d26 elementor-widget elementor-widget-spacer\" data-id=\"4a06d26\" data-element_type=\"widget\" data-e-type=\"widget\" data-widget_type=\"spacer.default\">\n\t\t\t\t<div class=\"elementor-widget-container\">\n\t\t\t\t\t\t\t<div class=\"elementor-spacer\">\n\t\t\t<div class=\"elementor-spacer-inner\"><\/div>\n\t\t<\/div>\n\t\t\t\t\t\t<\/div>\n\t\t\t\t<\/div>\n\t\t<div class=\"elementor-element elementor-element-f661ee6 e-flex e-con-boxed e-con e-parent\" data-id=\"f661ee6\" data-element_type=\"container\" data-e-type=\"container\" data-settings=\"{&quot;background_background&quot;:&quot;classic&quot;,&quot;ekit_has_onepagescroll_dot&quot;:&quot;yes&quot;}\">\n\t\t\t\t\t<div class=\"e-con-inner\">\n\t\t<div class=\"elementor-element elementor-element-27932dc e-con-full e-flex e-con e-parent\" data-id=\"27932dc\" data-element_type=\"container\" data-e-type=\"container\" data-settings=\"{&quot;ekit_has_onepagescroll_dot&quot;:&quot;yes&quot;}\">\n\t\t\t\t<div class=\"elementor-element elementor-element-2e89818 elementor-widget elementor-widget-image\" data-id=\"2e89818\" data-element_type=\"widget\" data-e-type=\"widget\" data-widget_type=\"image.default\">\n\t\t\t\t<div class=\"elementor-widget-container\">\n\t\t\t\t\t\t\t\t\t\t\t\t\t\t\t<img decoding=\"async\" src=\"https:\/\/chaire-bea.vetagro-sup.fr\/wp-content\/uploads\/elementor\/thumbs\/guillements-vert-debut-q44y853hdpw5k2zr6r0yay10aows10zlt5loh1diko.png\" title=\"guillements-vert-debut\" alt=\"guillements-vert-debut\" loading=\"lazy\" \/>\t\t\t\t\t\t\t\t\t\t\t\t\t\t\t<\/div>\n\t\t\t\t<\/div>\n\t\t\t\t<\/div>\n\t\t<div class=\"elementor-element elementor-element-3636ef2 e-flex e-con-boxed e-con e-parent\" data-id=\"3636ef2\" data-element_type=\"container\" data-e-type=\"container\" data-settings=\"{&quot;ekit_has_onepagescroll_dot&quot;:&quot;yes&quot;}\">\n\t\t\t\t\t<div class=\"e-con-inner\">\n\t\t\t\t<div class=\"elementor-element elementor-element-d5cde8a elementor-widget elementor-widget-text-editor\" data-id=\"d5cde8a\" data-element_type=\"widget\" data-e-type=\"widget\" data-widget_type=\"text-editor.default\">\n\t\t\t\t<div class=\"elementor-widget-container\">\n\t\t\t\t\t\t\t\t\t<p><em><span lang=\"EN-US\">Animal welfare is a major societal issue. Animal husbandry practices must be continuously improved for the benefit of animals, farmers and society. But these improvements must be approached scientifically, objectively and pragmatically\u2026. which includes the dissemination of reliable and quality information to the general public as well as training for key animal welfare actors<\/span>\u00a0 <br \/><\/em><\/p><p>Luc Mournier, professor at VetAgro Sup and head of the Chaire bien-\u00eatre animal<\/p>\t\t\t\t\t\t\t\t<\/div>\n\t\t\t\t<\/div>\n\t\t\t\t\t<\/div>\n\t\t\t\t<\/div>\n\t\t\t\t\t<\/div>\n\t\t\t\t<\/div>\n\t\t\t\t<div class=\"elementor-element elementor-element-aa2e942 elementor-widget elementor-widget-spacer\" data-id=\"aa2e942\" data-element_type=\"widget\" data-e-type=\"widget\" data-widget_type=\"spacer.default\">\n\t\t\t\t<div class=\"elementor-widget-container\">\n\t\t\t\t\t\t\t<div class=\"elementor-spacer\">\n\t\t\t<div class=\"elementor-spacer-inner\"><\/div>\n\t\t<\/div>\n\t\t\t\t\t\t<\/div>\n\t\t\t\t<\/div>\n\t\t\t\t<div class=\"elementor-element elementor-element-fb7c9a0 elementor-align-center elementor-widget elementor-widget-button\" data-id=\"fb7c9a0\" data-element_type=\"widget\" data-e-type=\"widget\" data-widget_type=\"button.default\">\n\t\t\t\t<div class=\"elementor-widget-container\">\n\t\t\t\t\t\t\t\t\t<div class=\"elementor-button-wrapper\">\n\t\t\t\t\t<a class=\"elementor-button elementor-button-link elementor-size-md\" href=\"https:\/\/chaire-bea.vetagro-sup.fr\/wp-content\/uploads\/2023\/06\/Plaquette-Chaire-BEA-V4.pdf\">\n\t\t\t\t\t\t<span class=\"elementor-button-content-wrapper\">\n\t\t\t\t\t\t<span class=\"elementor-button-icon\">\n\t\t\t\t<i aria-hidden=\"true\" class=\"fas fa-download\"><\/i>\t\t\t<\/span>\n\t\t\t\t\t\t\t\t\t<span class=\"elementor-button-text\">To download Chaire's brochure<\/span>\n\t\t\t\t\t<\/span>\n\t\t\t\t\t<\/a>\n\t\t\t\t<\/div>\n\t\t\t\t\t\t\t\t<\/div>\n\t\t\t\t<\/div>\n\t\t\t\t\t<\/div>\n\t\t\t\t<\/div>\n\t\t\t\t<\/div>\n\t\t","protected":false},"excerpt":{"rendered":"<p>General presentation Faced with growing societal expectations in terms of animal welfare, it seems necessary to improve the living and slaughter conditions of farm animals. This improvement calls for an increased involvement and mobilization of all actors, farmers and professionals in daily contact with animals, veterinarians, veterinary public health inspection services, the food industry, scientists [&hellip;]<\/p>\n","protected":false},"author":2,"featured_media":0,"parent":0,"menu_order":0,"comment_status":"closed","ping_status":"closed","template":"","meta":{"_acf_changed":false,"footnotes":""},"class_list":["post-9565","page","type-page","status-publish","hentry"],"acf":[],"_links":{"self":[{"href":"https:\/\/chaire-bea.vetagro-sup.fr\/en\/wp-json\/wp\/v2\/pages\/9565","targetHints":{"allow":["GET"]}}],"collection":[{"href":"https:\/\/chaire-bea.vetagro-sup.fr\/en\/wp-json\/wp\/v2\/pages"}],"about":[{"href":"https:\/\/chaire-bea.vetagro-sup.fr\/en\/wp-json\/wp\/v2\/types\/page"}],"author":[{"embeddable":true,"href":"https:\/\/chaire-bea.vetagro-sup.fr\/en\/wp-json\/wp\/v2\/users\/2"}],"replies":[{"embeddable":true,"href":"https:\/\/chaire-bea.vetagro-sup.fr\/en\/wp-json\/wp\/v2\/comments?post=9565"}],"version-history":[{"count":60,"href":"https:\/\/chaire-bea.vetagro-sup.fr\/en\/wp-json\/wp\/v2\/pages\/9565\/revisions"}],"predecessor-version":[{"id":9668,"href":"https:\/\/chaire-bea.vetagro-sup.fr\/en\/wp-json\/wp\/v2\/pages\/9565\/revisions\/9668"}],"wp:attachment":[{"href":"https:\/\/chaire-bea.vetagro-sup.fr\/en\/wp-json\/wp\/v2\/media?parent=9565"}],"curies":[{"name":"wp","href":"https:\/\/api.w.org\/{rel}","templated":true}]}}