
{"id":31106,"date":"2018-04-04T07:20:48","date_gmt":"2018-04-04T05:20:48","guid":{"rendered":"https:\/\/chaire-bea.vetagro-sup.fr\/mentions-legales\/"},"modified":"2024-09-27T12:09:57","modified_gmt":"2024-09-27T10:09:57","slug":"mentions-legales","status":"publish","type":"page","link":"https:\/\/chaire-bea.vetagro-sup.fr\/en\/mentions-legales\/","title":{"rendered":"Legal information"},"content":{"rendered":"\t\t<div data-elementor-type=\"wp-page\" data-elementor-id=\"31106\" class=\"elementor elementor-31106 elementor-5579\" data-elementor-post-type=\"page\">\n\t\t\t\t\t\t<section class=\"elementor-section elementor-top-section elementor-element elementor-element-251fc709 elementor-section-boxed elementor-section-height-default elementor-section-height-default\" data-id=\"251fc709\" data-element_type=\"section\" data-e-type=\"section\" data-settings=\"{&quot;ekit_has_onepagescroll_dot&quot;:&quot;yes&quot;}\">\n\t\t\t\t\t\t<div class=\"elementor-container elementor-column-gap-default\">\n\t\t\t\t\t<div class=\"elementor-column elementor-col-100 elementor-top-column elementor-element elementor-element-4363c2ca\" data-id=\"4363c2ca\" data-element_type=\"column\" data-e-type=\"column\">\n\t\t\t<div class=\"elementor-widget-wrap elementor-element-populated\">\n\t\t\t\t\t\t<div class=\"elementor-element elementor-element-48529069 elementor-widget__width-initial elementor-widget elementor-widget-text-editor\" data-id=\"48529069\" data-element_type=\"widget\" data-e-type=\"widget\" data-widget_type=\"text-editor.default\">\n\t\t\t\t<div class=\"elementor-widget-container\">\n\t\t\t\t\t\t\t\t\t<h2>Cr\u00e9dits<\/h2>\n<p><strong>Directeur de publication<\/strong> : Luc Mounier<\/p>\n<p><strong>Editeur :<\/strong> <br \/>Chaire BEA &#8211; VetAgro Sup,<br \/>1 av. Bourgelat, 69280 Marcy L\u2019Etoile FRANCE <br \/><em>VetAgro Sup, Institut d&#8217;enseignement sup\u00e9rieur et de recherche en alimentation, sant\u00e9 animale, sciences agronomiques et de l&#8217;environnement. <br \/><\/em><strong>Photographies<\/strong> : \u00a9 Chaire BEA &#8211; VetAgro Sup | Freepik<br \/><strong>Cr\u00e9ation du site<\/strong> : <br \/>Avalone<\/p>\n<h2><strong>Informatique et Libert\u00e9s<\/strong><\/h2>\n<p><strong>Informations personnelles collect\u00e9es<\/strong><\/p>\n<p>En France, les donn\u00e9es personnelles sont notamment prot\u00e9g\u00e9es par la loi n\u00b0 78-87 du 6 janvier 1978, la loi n\u00b0 2004-801 du 6 ao\u00fbt 2004, l\u2019article L. 226-13 du Code p\u00e9nal et la Directive Europ\u00e9enne du 24 octobre 1995.<br \/>En tout \u00e9tat de cause, la Chaire BEA de VetAgro Sup ne collecte des informations personnelles relatives \u00e0 l\u2019utilisateur (nom, adresse \u00e9lectronique, coordonn\u00e9es t\u00e9l\u00e9phoniques) que pour le besoin des services propos\u00e9s par le site. L\u2019utilisateur fournit ces informations en toute connaissance de cause, notamment lorsqu\u2019il proc\u00e8de par lui-m\u00eame \u00e0 leur saisie. Il est alors pr\u00e9cis\u00e9 \u00e0 l\u2019utilisateur des sites du r\u00e9seau VetAgro Sup le caract\u00e8re obligatoire ou non des informations qu\u2019il serait amen\u00e9 \u00e0 fournir.<br \/>Aucune information personnelle de l\u2019utilisateur du site n\u2019est :  <\/p>\n<ul>\n<li>collect\u00e9e \u00e0 l\u2019insu de l\u2019utilisateur.<\/li>\n<li>publi\u00e9e \u00e0 l\u2019insu de l\u2019utilisateur.<\/li>\n<li>\u00e9chang\u00e9e, transf\u00e9r\u00e9e, c\u00e9d\u00e9e ou vendue sur un support quelconque \u00e0 des tiers.<\/li>\n<\/ul>\n<p><strong>Rectification des informations nominatives collect\u00e9es<\/strong><\/p>\n<p>Conform\u00e9ment aux dispositions de l\u2019article 34 de la loi n\u00b0 48-87 du 6 janvier 1978, l\u2019utilisateur dispose d\u2019un droit de modification des donn\u00e9es nominatives collect\u00e9es le concernant :<\/p>\n<ul>\n<li>par courrier \u00e9lectronique \u00e0 la <a href=\"https:\/\/chaire-bea.vetagro-sup.fr\/en\/contact\/\" target=\"_blank\" rel=\"noreferrer noopener\">Chaire BEA<\/a><\/li>\n<li>un courrier \u00e0 l\u2019adresse du si\u00e8ge de la Chaire BEA (indiqu\u00e9e ci-dessus) en indiquant son nom ou sa raison sociale, ses coordonn\u00e9es physiques et\/ou \u00e9lectroniques, ainsi que le cas \u00e9ch\u00e9ant la r\u00e9f\u00e9rence dont il disposerait en tant qu\u2019utilisateur du site. La modification interviendra dans des d\u00e9lais raisonnables \u00e0 compter de la r\u00e9ception de la demande de l\u2019utilisateur. <\/li>\n<\/ul>\n<p><strong>Limitation de responsabilit\u00e9<\/strong><\/p>\n<p>Ce site comporte des informations mises \u00e0 disposition par des soci\u00e9t\u00e9s externes ou des liens hypertextes vers d\u2019autres sites qui n\u2019ont pas \u00e9t\u00e9 d\u00e9velopp\u00e9s par VetAgro Sup. Le contenu mis \u00e0 disposition sur le site est fourni \u00e0 titre informatif. L\u2019existence d\u2019un lien de ce site vers un autre site ne constitue pas une validation de ce site ou de son contenu. Il appartient \u00e0 l\u2019internaute d\u2019utiliser ces informations avec discernement et esprit critique. La responsabilit\u00e9 de VetAgro Sup ne saurait \u00eatre engag\u00e9e du fait des informations, opinions et recommandations formul\u00e9es par des tiers.    <\/p>\n<p><strong>Utilisation des cookies<\/strong> <a href=\"https:\/\/chaire-bea.vetagro-sup.fr\/utilisation-des-cookies\/\">Voir la page d\u00e9di\u00e9e<\/a><\/p>\n\t\t\t\t\t\t\t\t<\/div>\n\t\t\t\t<\/div>\n\t\t\t\t\t<\/div>\n\t\t<\/div>\n\t\t\t\t\t<\/div>\n\t\t<\/section>\n\t\t\t\t<\/div>\n\t\t","protected":false},"excerpt":{"rendered":"<p>Cr\u00e9dits Directeur de publication : Luc Mounier Editeur : Chaire BEA &#8211; VetAgro Sup,1 av. Bourgelat, 69280 Marcy L\u2019Etoile FRANCE VetAgro Sup, Institut d&#8217;enseignement sup\u00e9rieur et de recherche en alimentation, sant\u00e9 animale, sciences agronomiques et de l&#8217;environnement. Photographies : \u00a9 Chaire BEA &#8211; VetAgro Sup | FreepikCr\u00e9ation du site : Avalone Informatique et Libert\u00e9s Informations [&hellip;]<\/p>\n","protected":false},"author":2,"featured_media":0,"parent":0,"menu_order":0,"comment_status":"closed","ping_status":"closed","template":"","meta":{"_acf_changed":false,"footnotes":""},"class_list":["post-31106","page","type-page","status-publish","hentry"],"acf":[],"_links":{"self":[{"href":"https:\/\/chaire-bea.vetagro-sup.fr\/en\/wp-json\/wp\/v2\/pages\/31106","targetHints":{"allow":["GET"]}}],"collection":[{"href":"https:\/\/chaire-bea.vetagro-sup.fr\/en\/wp-json\/wp\/v2\/pages"}],"about":[{"href":"https:\/\/chaire-bea.vetagro-sup.fr\/en\/wp-json\/wp\/v2\/types\/page"}],"author":[{"embeddable":true,"href":"https:\/\/chaire-bea.vetagro-sup.fr\/en\/wp-json\/wp\/v2\/users\/2"}],"replies":[{"embeddable":true,"href":"https:\/\/chaire-bea.vetagro-sup.fr\/en\/wp-json\/wp\/v2\/comments?post=31106"}],"version-history":[{"count":3,"href":"https:\/\/chaire-bea.vetagro-sup.fr\/en\/wp-json\/wp\/v2\/pages\/31106\/revisions"}],"predecessor-version":[{"id":31194,"href":"https:\/\/chaire-bea.vetagro-sup.fr\/en\/wp-json\/wp\/v2\/pages\/31106\/revisions\/31194"}],"wp:attachment":[{"href":"https:\/\/chaire-bea.vetagro-sup.fr\/en\/wp-json\/wp\/v2\/media?parent=31106"}],"curies":[{"name":"wp","href":"https:\/\/api.w.org\/{rel}","templated":true}]}}